{"id":789,"date":"2021-07-22T12:05:29","date_gmt":"2021-07-22T12:05:29","guid":{"rendered":"http:\/\/grundschule-gieboldehausen.de\/?page_id=789"},"modified":"2024-03-11T11:39:50","modified_gmt":"2024-03-11T11:39:50","slug":"schuelerbuecherei","status":"publish","type":"page","link":"https:\/\/grundschule-gieboldehausen.de\/?page_id=789","title":{"rendered":"Sch\u00fclerb\u00fccherei"},"content":{"rendered":"\n<figure class=\"wp-block-image size-large is-resized\"><img loading=\"lazy\" decoding=\"async\" width=\"2305\" height=\"2560\" src=\"https:\/\/grundschule-gieboldehausen.de\/wp-content\/uploads\/2021\/07\/3A1B6838_A717_4CFC_A298_6E9D8A90FF78-edited-scaled.jpg\" alt=\"\" class=\"wp-image-791\" style=\"width:359px;height:398px\" srcset=\"https:\/\/grundschule-gieboldehausen.de\/wp-content\/uploads\/2021\/07\/3A1B6838_A717_4CFC_A298_6E9D8A90FF78-edited-scaled.jpg 2305w, https:\/\/grundschule-gieboldehausen.de\/wp-content\/uploads\/2021\/07\/3A1B6838_A717_4CFC_A298_6E9D8A90FF78-edited-270x300.jpg 270w, https:\/\/grundschule-gieboldehausen.de\/wp-content\/uploads\/2021\/07\/3A1B6838_A717_4CFC_A298_6E9D8A90FF78-edited-700x778.jpg 700w, https:\/\/grundschule-gieboldehausen.de\/wp-content\/uploads\/2021\/07\/3A1B6838_A717_4CFC_A298_6E9D8A90FF78-edited-768x853.jpg 768w, https:\/\/grundschule-gieboldehausen.de\/wp-content\/uploads\/2021\/07\/3A1B6838_A717_4CFC_A298_6E9D8A90FF78-edited-1383x1536.jpg 1383w, https:\/\/grundschule-gieboldehausen.de\/wp-content\/uploads\/2021\/07\/3A1B6838_A717_4CFC_A298_6E9D8A90FF78-edited-1844x2048.jpg 1844w, https:\/\/grundschule-gieboldehausen.de\/wp-content\/uploads\/2021\/07\/3A1B6838_A717_4CFC_A298_6E9D8A90FF78-edited-800x889.jpg 800w\" sizes=\"auto, (max-width: 2305px) 100vw, 2305px\" \/><\/figure>\n\n\n\n<p>Wir bauen seit 3 Jahren unsere Sch\u00fclerbibliothek auf. Zun\u00e4chst haben wir den vorhandenen Bestand gesichtet und ihn in 5 Leseschwierigkeiten eingeteilt. So k\u00f6nnen die Sch\u00fcler schon an der Farbe erkennen, welchen Textumfang ein Buch hat. F\u00fcr die Farben gibt es Beispielseiten. So k\u00f6nnen sich unsere Sch\u00fcler gut orientieren. Mittlerweile bietet unsere Bibliothek \u00fcber 1150 B\u00fccher f\u00fcr die Ausleihe. Wir haben nach und nach den Bestand digitalisiert, so dass die Ausleihe mit B\u00fccherausweis und Scanner bewerkstelligt werden kann. Wir bieten eine tolle Auswahl an Kinderliteratur (sowohl Klassiker als auch aktuelle Erscheinungen) aus den verschiedensten Genres. Aber auch unser Bestand an Sachliteratur w\u00e4chst best\u00e4ndig und wird gern von den Sch\u00fclerinnen und Sch\u00fclern ausgeliehen. In der ersten Jahresh\u00e4lfte 2021 gab es gut 1400 Ausleihen. Das macht uns sehr Stolz und spornt uns an, unsere Bibliothek weiterzuentwickeln. Momentan befindet sie sich noch in Glasschr\u00e4nken und einem kleinen Raum im Nebengeb\u00e4ude. Mit Hilfe von Spenden und des F\u00f6rdervereins wollen wir einen Klassenraum zu einer Bibliothek umgestalten (<a href=\"https:\/\/grundschule-gieboldehausen.de\/?page_id=215\">Spendenprojekt des F\u00f6rdervereins<\/a>)  <\/p>\n\n\n\n<p><\/p>\n","protected":false},"excerpt":{"rendered":"<p>Wir bauen seit 3 Jahren unsere Sch\u00fclerbibliothek auf. Zun\u00e4chst haben wir den vorhandenen Bestand gesichtet und ihn in 5 Leseschwierigkeiten eingeteilt. So k\u00f6nnen die Sch\u00fcler schon an der Farbe erkennen, welchen Textumfang ein Buch hat. F\u00fcr die Farben gibt es Beispielseiten. So k\u00f6nnen sich unsere Sch\u00fcler gut orientieren. Mittlerweile bietet unsere Bibliothek \u00fcber 1150 B\u00fccher&#8230;<\/p>\n","protected":false},"author":1,"featured_media":0,"parent":0,"menu_order":0,"comment_status":"closed","ping_status":"closed","template":"","meta":{"_exactmetrics_skip_tracking":false,"_exactmetrics_sitenote_active":false,"_exactmetrics_sitenote_note":"","_exactmetrics_sitenote_category":0,"ngg_post_thumbnail":0,"footnotes":""},"class_list":["post-789","page","type-page","status-publish","hentry"],"aioseo_notices":[],"jetpack_sharing_enabled":true,"_links":{"self":[{"href":"https:\/\/grundschule-gieboldehausen.de\/index.php?rest_route=\/wp\/v2\/pages\/789","targetHints":{"allow":["GET"]}}],"collection":[{"href":"https:\/\/grundschule-gieboldehausen.de\/index.php?rest_route=\/wp\/v2\/pages"}],"about":[{"href":"https:\/\/grundschule-gieboldehausen.de\/index.php?rest_route=\/wp\/v2\/types\/page"}],"author":[{"embeddable":true,"href":"https:\/\/grundschule-gieboldehausen.de\/index.php?rest_route=\/wp\/v2\/users\/1"}],"replies":[{"embeddable":true,"href":"https:\/\/grundschule-gieboldehausen.de\/index.php?rest_route=%2Fwp%2Fv2%2Fcomments&post=789"}],"version-history":[{"count":2,"href":"https:\/\/grundschule-gieboldehausen.de\/index.php?rest_route=\/wp\/v2\/pages\/789\/revisions"}],"predecessor-version":[{"id":1189,"href":"https:\/\/grundschule-gieboldehausen.de\/index.php?rest_route=\/wp\/v2\/pages\/789\/revisions\/1189"}],"wp:attachment":[{"href":"https:\/\/grundschule-gieboldehausen.de\/index.php?rest_route=%2Fwp%2Fv2%2Fmedia&parent=789"}],"curies":[{"name":"wp","href":"https:\/\/api.w.org\/{rel}","templated":true}]}}