{"id":291,"date":"2019-09-18T11:40:42","date_gmt":"2019-09-18T11:40:42","guid":{"rendered":"http:\/\/grundschule-gieboldehausen.de\/?page_id=291"},"modified":"2025-06-03T06:24:47","modified_gmt":"2025-06-03T06:24:47","slug":"termine","status":"publish","type":"page","link":"https:\/\/grundschule-gieboldehausen.de\/?page_id=291","title":{"rendered":"Termine"},"content":{"rendered":"\n<p><\/p>\n\n\n\n<div class=\"wp-block-columns is-layout-flex wp-container-core-columns-is-layout-9d6595d7 wp-block-columns-is-layout-flex\">\n<div class=\"wp-block-column is-layout-flow wp-block-column-is-layout-flow\" style=\"flex-basis:100%\">\n<figure class=\"wp-block-table\"><table><tbody><tr><td class=\"has-text-align-center\" data-align=\"center\">Datum<\/td><td class=\"has-text-align-center\" data-align=\"center\">Beschreibung<\/td><td class=\"has-text-align-center\" data-align=\"center\">   Bemerkungen<\/td><\/tr><tr><td class=\"has-text-align-center\" data-align=\"center\">09. und 10. Mai 2024<\/td><td class=\"has-text-align-center\" data-align=\"center\">Pfingsten<\/td><td class=\"has-text-align-center\" data-align=\"center\">schulfrei<\/td><\/tr><tr><td class=\"has-text-align-center\" data-align=\"center\">13. Juni 2025<\/td><td class=\"has-text-align-center\" data-align=\"center\">Sportfest<\/td><td class=\"has-text-align-center\" data-align=\"center\"><\/td><\/tr><tr><td class=\"has-text-align-center\" data-align=\"center\">03. Juli &#8211; 13. August 2025<\/td><td class=\"has-text-align-center\" data-align=\"center\">Sommerferien<\/td><td class=\"has-text-align-center\" data-align=\"center\">schulfrei<\/td><\/tr><tr><td class=\"has-text-align-center\" data-align=\"center\">16.August 2025<\/td><td class=\"has-text-align-center\" data-align=\"center\">Einschulung<\/td><td class=\"has-text-align-center\" data-align=\"center\">11.00 Uhr auf dem Schulhof<br>Der F\u00f6rderverein sorgt f\u00fcr Speisen und Getr\u00e4nke.<br>Die Kirchengemeinden bieten einen<br>\u00f6kumenischen Gottesdienst um 10.00 Uhr an.<\/td><\/tr><\/tbody><\/table><\/figure>\n<\/div>\n<\/div>\n\n\n\n<p><\/p>\n\n\n\n<figure class=\"wp-block-image size-large\"><img loading=\"lazy\" decoding=\"async\" width=\"700\" height=\"467\" src=\"https:\/\/grundschule-gieboldehausen.de\/wp-content\/uploads\/2020\/01\/IMG_3307-1-700x467.jpg\" alt=\"\" class=\"wp-image-502\" srcset=\"https:\/\/grundschule-gieboldehausen.de\/wp-content\/uploads\/2020\/01\/IMG_3307-1-700x467.jpg 700w, https:\/\/grundschule-gieboldehausen.de\/wp-content\/uploads\/2020\/01\/IMG_3307-1-300x200.jpg 300w, https:\/\/grundschule-gieboldehausen.de\/wp-content\/uploads\/2020\/01\/IMG_3307-1-768x512.jpg 768w, https:\/\/grundschule-gieboldehausen.de\/wp-content\/uploads\/2020\/01\/IMG_3307-1-1536x1024.jpg 1536w, https:\/\/grundschule-gieboldehausen.de\/wp-content\/uploads\/2020\/01\/IMG_3307-1-2048x1365.jpg 2048w, https:\/\/grundschule-gieboldehausen.de\/wp-content\/uploads\/2020\/01\/IMG_3307-1-800x533.jpg 800w\" sizes=\"auto, (max-width: 700px) 100vw, 700px\" \/><\/figure>\n","protected":false},"excerpt":{"rendered":"<p>Datum Beschreibung Bemerkungen 09. und 10. Mai 2024 Pfingsten schulfrei 13. Juni 2025 Sportfest 03. Juli &#8211; 13. August 2025 Sommerferien schulfrei 16.August 2025 Einschulung 11.00 Uhr auf dem SchulhofDer F\u00f6rderverein sorgt f\u00fcr Speisen und Getr\u00e4nke.Die Kirchengemeinden bieten einen\u00f6kumenischen Gottesdienst um 10.00 Uhr an.<\/p>\n","protected":false},"author":1,"featured_media":0,"parent":0,"menu_order":0,"comment_status":"closed","ping_status":"closed","template":"","meta":{"_exactmetrics_skip_tracking":false,"_exactmetrics_sitenote_active":false,"_exactmetrics_sitenote_note":"","_exactmetrics_sitenote_category":0,"ngg_post_thumbnail":0,"footnotes":""},"class_list":["post-291","page","type-page","status-publish","hentry"],"aioseo_notices":[],"jetpack_sharing_enabled":true,"_links":{"self":[{"href":"https:\/\/grundschule-gieboldehausen.de\/index.php?rest_route=\/wp\/v2\/pages\/291","targetHints":{"allow":["GET"]}}],"collection":[{"href":"https:\/\/grundschule-gieboldehausen.de\/index.php?rest_route=\/wp\/v2\/pages"}],"about":[{"href":"https:\/\/grundschule-gieboldehausen.de\/index.php?rest_route=\/wp\/v2\/types\/page"}],"author":[{"embeddable":true,"href":"https:\/\/grundschule-gieboldehausen.de\/index.php?rest_route=\/wp\/v2\/users\/1"}],"replies":[{"embeddable":true,"href":"https:\/\/grundschule-gieboldehausen.de\/index.php?rest_route=%2Fwp%2Fv2%2Fcomments&post=291"}],"version-history":[{"count":26,"href":"https:\/\/grundschule-gieboldehausen.de\/index.php?rest_route=\/wp\/v2\/pages\/291\/revisions"}],"predecessor-version":[{"id":1312,"href":"https:\/\/grundschule-gieboldehausen.de\/index.php?rest_route=\/wp\/v2\/pages\/291\/revisions\/1312"}],"wp:attachment":[{"href":"https:\/\/grundschule-gieboldehausen.de\/index.php?rest_route=%2Fwp%2Fv2%2Fmedia&parent=291"}],"curies":[{"name":"wp","href":"https:\/\/api.w.org\/{rel}","templated":true}]}}