{"id":215,"date":"2019-06-19T18:33:04","date_gmt":"2019-06-19T18:33:04","guid":{"rendered":"http:\/\/grundschule-gieboldehausen.de\/?page_id=215"},"modified":"2021-03-17T16:06:07","modified_gmt":"2021-03-17T16:06:07","slug":"schulbuecherei","status":"publish","type":"page","link":"https:\/\/grundschule-gieboldehausen.de\/?page_id=215","title":{"rendered":"Schulb\u00fccherei"},"content":{"rendered":"\n<p>Seit November 2020 ist der <a href=\"https:\/\/www.biblino.de\/index.php?action=0&amp;searchmode=0&amp;page=9&amp;onlynew=1&amp;searchmode=0&amp;autor=&amp;titel=&amp;schlagworte=&amp;stichwort=&amp;medienart=%&amp;id=386&amp;new_query=0\" target=\"_blank\" rel=\"noreferrer noopener\" title=\"https:\/\/www.biblino.de\/index.php?action=0&amp;searchmode=0&amp;page=9&amp;onlynew=1&amp;searchmode=0&amp;autor=&amp;titel=&amp;schlagworte=&amp;stichwort=&amp;medienart=%&amp;id=386&amp;new_query=0\">Buchbestand der Grundschulb\u00fccherei online<\/a> abrufbar. <\/p>\n\n\n\n<p>Wir laden Sie herzlich ein hier mit ihrem Kind zu st\u00f6bern.  <\/p>\n\n\n\n<p><strong>So k\u00f6nnen Sie die Schulb\u00fccherei einfach unterst\u00fctzen:<\/strong><\/p>\n\n\n\n<p>wenn Sie Ihre Online-Eink\u00e4ufe \u00fcber das Portal <a href=\"https:\/\/www.bildungsspender.de\/grundschule-gieboldehausen\/spendenprojekt\">Bildungsspender<\/a> abwickeln, wird eine kleiner Prozentsatz als Vermittlungsgeb\u00fchr bezahlt welche als Spende auf unser Konto \u00fcberwiesen wird. Mit dieser Spende wird die Renovierung und Aufstockung der Schulb\u00fccherei vorangetrieben. <\/p>\n\n\n\n<div class=\"wp-block-image\"><figure class=\"aligncenter\"><img loading=\"lazy\" decoding=\"async\" width=\"700\" height=\"81\" src=\"https:\/\/grundschule-gieboldehausen.de\/wp-content\/uploads\/2019\/06\/Grundschule-Gieboldehausen-Projekt-button-1-700x81.png\" alt=\"\" class=\"wp-image-223\" srcset=\"https:\/\/grundschule-gieboldehausen.de\/wp-content\/uploads\/2019\/06\/Grundschule-Gieboldehausen-Projekt-button-1-700x81.png 700w, https:\/\/grundschule-gieboldehausen.de\/wp-content\/uploads\/2019\/06\/Grundschule-Gieboldehausen-Projekt-button-1-300x35.png 300w, https:\/\/grundschule-gieboldehausen.de\/wp-content\/uploads\/2019\/06\/Grundschule-Gieboldehausen-Projekt-button-1-768x89.png 768w, https:\/\/grundschule-gieboldehausen.de\/wp-content\/uploads\/2019\/06\/Grundschule-Gieboldehausen-Projekt-button-1-800x93.png 800w, https:\/\/grundschule-gieboldehausen.de\/wp-content\/uploads\/2019\/06\/Grundschule-Gieboldehausen-Projekt-button-1.png 859w\" sizes=\"auto, (max-width: 700px) 100vw, 700px\" \/><\/figure><\/div>\n\n\n\n<p>So funktioniert das: <\/p>\n\n\n\n<ul class=\"wp-block-list\"><li>Unter dem Men\u00fcpunkt Einrichtungen den Punkt andere <a href=\"https:\/\/www.bildungsspender.de\/grundschule-gieboldehausen\/organisationsearch\">Einrichtungen\/Projektgruppe suchen<\/a> klicken.<\/li><li>In dem Suchfeld die PLZ 37434 eingeben und alle klicken.<\/li><li>Auf die <a href=\"https:\/\/www.bildungsspender.de\/grundschule-gieboldehausen\">Grundschule Gieboldehausen<\/a> klicken, so dass diese als das gew\u00fcnschte zu unterst\u00fctzende Projekt ausgew\u00e4hlt wird.<\/li><li><a href=\"https:\/\/www.bildungsspender.de\/grundschule-gieboldehausen\/websearch\">Mit einem Einkauf<\/a> helfen klicken und den <a href=\"https:\/\/www.bildungsspender.de\/grundschule-gieboldehausen\/websearch\">Shop <\/a>in dem eingekauft werden soll suchen und ausw\u00e4hlen.<\/li><li>Auf den Shop klicken und wie gewohnt dort bestellen.<\/li><li>Nach kurzer Zeit k\u00f6nnt ihr in der <a href=\"https:\/\/www.bildungsspender.de\/grundschule-gieboldehausen\/statistic?von=01.05.2019&amp;bis=19.06.2019&amp;submit=Suchen&amp;von=01.05.2019&amp;bis=19.06.2019&amp;category=all\">Statistik des Bildungsspenders<\/a> erkennen, wie viel Euro ihr gespendet habt.<\/li><\/ul>\n","protected":false},"excerpt":{"rendered":"<p>Seit November 2020 ist der Buchbestand der Grundschulb\u00fccherei online abrufbar. Wir laden Sie herzlich ein hier mit ihrem Kind zu st\u00f6bern. So k\u00f6nnen Sie die Schulb\u00fccherei einfach unterst\u00fctzen: wenn Sie Ihre Online-Eink\u00e4ufe \u00fcber das Portal Bildungsspender abwickeln, wird eine kleiner Prozentsatz als Vermittlungsgeb\u00fchr bezahlt welche als Spende auf unser Konto \u00fcberwiesen wird. Mit dieser Spende&#8230;<\/p>\n","protected":false},"author":1,"featured_media":0,"parent":0,"menu_order":0,"comment_status":"closed","ping_status":"closed","template":"","meta":{"_exactmetrics_skip_tracking":false,"_exactmetrics_sitenote_active":false,"_exactmetrics_sitenote_note":"","_exactmetrics_sitenote_category":0,"ngg_post_thumbnail":0,"footnotes":""},"class_list":["post-215","page","type-page","status-publish","hentry"],"aioseo_notices":[],"jetpack_sharing_enabled":true,"_links":{"self":[{"href":"https:\/\/grundschule-gieboldehausen.de\/index.php?rest_route=\/wp\/v2\/pages\/215","targetHints":{"allow":["GET"]}}],"collection":[{"href":"https:\/\/grundschule-gieboldehausen.de\/index.php?rest_route=\/wp\/v2\/pages"}],"about":[{"href":"https:\/\/grundschule-gieboldehausen.de\/index.php?rest_route=\/wp\/v2\/types\/page"}],"author":[{"embeddable":true,"href":"https:\/\/grundschule-gieboldehausen.de\/index.php?rest_route=\/wp\/v2\/users\/1"}],"replies":[{"embeddable":true,"href":"https:\/\/grundschule-gieboldehausen.de\/index.php?rest_route=%2Fwp%2Fv2%2Fcomments&post=215"}],"version-history":[{"count":11,"href":"https:\/\/grundschule-gieboldehausen.de\/index.php?rest_route=\/wp\/v2\/pages\/215\/revisions"}],"predecessor-version":[{"id":628,"href":"https:\/\/grundschule-gieboldehausen.de\/index.php?rest_route=\/wp\/v2\/pages\/215\/revisions\/628"}],"wp:attachment":[{"href":"https:\/\/grundschule-gieboldehausen.de\/index.php?rest_route=%2Fwp%2Fv2%2Fmedia&parent=215"}],"curies":[{"name":"wp","href":"https:\/\/api.w.org\/{rel}","templated":true}]}}