{"id":164,"date":"2019-06-07T07:44:14","date_gmt":"2019-06-07T07:44:14","guid":{"rendered":"http:\/\/grundschule-gieboldehausen.de\/?page_id=164"},"modified":"2023-01-07T17:22:31","modified_gmt":"2023-01-07T17:22:31","slug":"wir-suchen-engagement","status":"publish","type":"page","link":"https:\/\/grundschule-gieboldehausen.de\/?page_id=164","title":{"rendered":"Wir suchen Engagement!"},"content":{"rendered":"\n<p><a href=\"https:\/\/grundschule-gieboldehausen.de\/?page_id=135\">Nachmittagsbetreuung<\/a>   |    <a href=\"https:\/\/grundschule-gieboldehausen.de\/?page_id=202\">Projekte<\/a>    |    <a href=\"https:\/\/grundschule-gieboldehausen.de\/?page_id=446\">Galerie<\/a>    |     <a href=\"https:\/\/grundschule-gieboldehausen.de\/?page_id=183\">Download<\/a>   |   <a href=\"https:\/\/grundschule-gieboldehausen.de\/?page_id=156\">Mitgliederversammlungen<\/a><\/p>\n\n\n\n<h3 class=\"wp-block-heading\"><strong>Wir suchen Menschen mit Begeisterung an ihren Hobbies<\/strong><\/h3>\n\n\n\n<p>Der F\u00f6rderverein der Grundschule Gieboldehausen sucht Menschen, die Ihre Begeisterung f\u00fcr ein Hobby (wie beispielsweise singen, stricken tanzen, joggen, Tiere in der Natur beobachten, Fu\u00dfball spielen, Tennis, seilspringen, basteln, h\u00e4keln, n\u00e4hen, stricken, kochen, g\u00e4rtnern, turnen, Multimedia Angebote wie fotografieren und bearbeiten, Stop Motion Filme erstellen, podcasts erstellen, Schulradio aufbauen o.\u00e4. &#8211; Tablets sind an der Schule vorhanden) einmal die Woche in Kleingruppen von 14:45-15:30Uhr ausf\u00fchren. Auch Sch\u00fcler ab 16 Jahren k\u00f6nnen ein Angebot im Nachmittagsbereich f\u00fcr 45 Minuten \u00fcbernehmen. <\/p>\n\n\n\n<ul class=\"wp-block-list\">\n<li>auf ehrenamtlicher Basis &#8211; bei Schulfesten gibt es einen Waffelgutschein vom F\u00f6rderverein \ud83d\ude09<\/li>\n\n\n\n<li>in Kooperation mit einem Sportverein oder einem anderen Verein<\/li>\n\n\n\n<li>f\u00fcr ein kleines Taschengeld<\/li>\n<\/ul>\n\n\n\n<h4 class=\"wp-block-heading\">Was sollten Sie mitbringen?<\/h4>\n\n\n\n<ul class=\"wp-block-list\">\n<li>Begeisterung an dem Angebot das Sie anbieten m\u00f6chten.<\/li>\n\n\n\n<li>Freude an der Arbeit mit Kindern.<\/li>\n\n\n\n<li>Verl\u00e4sslichkeit, Teamf\u00e4higkeit, Belastbarkeit.<\/li>\n\n\n\n<li>Das Angebot sollte f\u00fcr ein Halbjahr geplant werden.<\/li>\n<\/ul>\n\n\n\n<p>Bei Interesse senden Sie uns Ihre Ideen an <strong>info(at)gsgieboldehausen.de<\/strong> zu.<\/p>\n","protected":false},"excerpt":{"rendered":"<p>Nachmittagsbetreuung | Projekte | Galerie | Download | Mitgliederversammlungen Wir suchen Menschen mit Begeisterung an ihren Hobbies Der F\u00f6rderverein der Grundschule Gieboldehausen sucht Menschen, die Ihre Begeisterung f\u00fcr ein Hobby (wie beispielsweise singen, stricken tanzen, joggen, Tiere in der Natur beobachten, Fu\u00dfball spielen, Tennis, seilspringen, basteln, h\u00e4keln, n\u00e4hen, stricken, kochen, g\u00e4rtnern, turnen, Multimedia Angebote wie&#8230;<\/p>\n","protected":false},"author":1,"featured_media":0,"parent":0,"menu_order":0,"comment_status":"closed","ping_status":"closed","template":"","meta":{"_exactmetrics_skip_tracking":false,"_exactmetrics_sitenote_active":false,"_exactmetrics_sitenote_note":"","_exactmetrics_sitenote_category":0,"ngg_post_thumbnail":0,"footnotes":""},"class_list":["post-164","page","type-page","status-publish","hentry"],"aioseo_notices":[],"jetpack_sharing_enabled":true,"_links":{"self":[{"href":"https:\/\/grundschule-gieboldehausen.de\/index.php?rest_route=\/wp\/v2\/pages\/164","targetHints":{"allow":["GET"]}}],"collection":[{"href":"https:\/\/grundschule-gieboldehausen.de\/index.php?rest_route=\/wp\/v2\/pages"}],"about":[{"href":"https:\/\/grundschule-gieboldehausen.de\/index.php?rest_route=\/wp\/v2\/types\/page"}],"author":[{"embeddable":true,"href":"https:\/\/grundschule-gieboldehausen.de\/index.php?rest_route=\/wp\/v2\/users\/1"}],"replies":[{"embeddable":true,"href":"https:\/\/grundschule-gieboldehausen.de\/index.php?rest_route=%2Fwp%2Fv2%2Fcomments&post=164"}],"version-history":[{"count":19,"href":"https:\/\/grundschule-gieboldehausen.de\/index.php?rest_route=\/wp\/v2\/pages\/164\/revisions"}],"predecessor-version":[{"id":1084,"href":"https:\/\/grundschule-gieboldehausen.de\/index.php?rest_route=\/wp\/v2\/pages\/164\/revisions\/1084"}],"wp:attachment":[{"href":"https:\/\/grundschule-gieboldehausen.de\/index.php?rest_route=%2Fwp%2Fv2%2Fmedia&parent=164"}],"curies":[{"name":"wp","href":"https:\/\/api.w.org\/{rel}","templated":true}]}}