{"id":135,"date":"2019-06-07T06:47:09","date_gmt":"2019-06-07T06:47:09","guid":{"rendered":"http:\/\/grundschule-gieboldehausen.de\/?page_id=135"},"modified":"2024-03-01T16:16:07","modified_gmt":"2024-03-01T16:16:07","slug":"nachmittagsbetreuung","status":"publish","type":"page","link":"https:\/\/grundschule-gieboldehausen.de\/?page_id=135","title":{"rendered":"Nachmittagsbetreuung = Offener Ganztag"},"content":{"rendered":"\n<p><a href=\"https:\/\/grundschule-gieboldehausen.de\/?page_id=135\">Nachmittagsbetreuung<\/a>   |    <a href=\"https:\/\/grundschule-gieboldehausen.de\/?page_id=202\">Projekte<\/a>    |    <a href=\"https:\/\/grundschule-gieboldehausen.de\/?page_id=446\">Galerie<\/a>    |     <a href=\"https:\/\/grundschule-gieboldehausen.de\/?page_id=183\">Download<\/a>   |   <a href=\"https:\/\/grundschule-gieboldehausen.de\/?page_id=156\">Mitgliederversammlungen<\/a><\/p>\n\n\n\n<p><mark style=\"background-color:rgba(0, 0, 0, 0)\" class=\"has-inline-color has-black-color\">Seit dem Schuljahr 2022\/2023 ist die Grundschule Gieboldehausen eine Offene Ganztagsschule.<\/mark> <\/p>\n\n\n\n<p>Die <strong>Anmeldung<\/strong> erfolgt direkt \u00fcber das Sekretariat oder via Email an<strong> info(at)gsgieboldehausen.de<\/strong>. Diese ist <strong>bindend f\u00fcr ein Halbjahr<\/strong>. Die <strong>Teilnahme <\/strong>am Offenen Ganztag ist <strong>kostenlos<\/strong>. Lediglich das <strong>Mittagessen ist kostenpflichtig<\/strong> sollte ihr Kind daran teilnehmen. Sind Sie im Besitz einer Bildungskarte ist eine Abrechnung des Mittagessens dar\u00fcber m\u00f6glich.<\/p>\n\n\n\n<p><mark style=\"background-color:rgba(0, 0, 0, 0)\" class=\"has-inline-color has-black-color\">Im Anschluss an die verl\u00e4ssliche Grundschule startet der offene Ganztag nahtlos. Im Zeitfenster von 13:00-14:00 Uhr k\u00f6nnen die Kinder in zwei Etappen in der schuleigenen Mensa ein warmes Mittagessen einnehmen<\/mark> welches zur Zeit vom Lieferanten Frisch Men\u00fc aus Teistungen bezogen wird.<\/p>\n\n\n\n<p>Von 14:00 &#8211; 14:45 Uhr folgt eine individuelle Trainingszeit (Lernzeit \/Hausaufgabenzeit). W\u00e4hrend dieser Zeit stehen unsere Lehrkr\u00e4fte und Betreuungskr\u00e4fte jederzeit f\u00fcr Fragen und Erkl\u00e4rungen zur Verf\u00fcgung.<\/p>\n\n\n\n<p>Im Anschluss an die Hausaufgaben, von 14:45 &#8211; 15:30 Uhr, folgt eine &#8222;freie&#8220; Besch\u00e4ftigungszeit. Es werden einige AGs in den Bereichen Spiel-, Kreative Gestaltungs- und Bewegungsm\u00f6glichkeiten im Schulgeb\u00e4ude und auf dem Schulhof geboten.<\/p>\n\n\n\n<p>Mehr Informationen gibt es hier im <a href=\"https:\/\/grundschule-gieboldehausen.de\/wp-content\/uploads\/2022\/06\/FAQ-rund-um-das-Thema-Ganztagsschule.pdf\" title=\"\">PDF FAQs h\u00e4ufig gefragte Fragen<\/a>.<\/p>\n\n\n\n<h3 class=\"wp-block-heading\"><\/h3>\n","protected":false},"excerpt":{"rendered":"<p>Nachmittagsbetreuung | Projekte | Galerie | Download | Mitgliederversammlungen Seit dem Schuljahr 2022\/2023 ist die Grundschule Gieboldehausen eine Offene Ganztagsschule. Die Anmeldung erfolgt direkt \u00fcber das Sekretariat oder via Email an info(at)gsgieboldehausen.de. Diese ist bindend f\u00fcr ein Halbjahr. Die Teilnahme am Offenen Ganztag ist kostenlos. Lediglich das Mittagessen ist kostenpflichtig sollte ihr Kind daran teilnehmen&#8230;.<\/p>\n","protected":false},"author":1,"featured_media":0,"parent":0,"menu_order":0,"comment_status":"closed","ping_status":"closed","template":"","meta":{"_exactmetrics_skip_tracking":false,"_exactmetrics_sitenote_active":false,"_exactmetrics_sitenote_note":"","_exactmetrics_sitenote_category":0,"ngg_post_thumbnail":0,"footnotes":""},"class_list":["post-135","page","type-page","status-publish","hentry"],"aioseo_notices":[],"jetpack_sharing_enabled":true,"_links":{"self":[{"href":"https:\/\/grundschule-gieboldehausen.de\/index.php?rest_route=\/wp\/v2\/pages\/135","targetHints":{"allow":["GET"]}}],"collection":[{"href":"https:\/\/grundschule-gieboldehausen.de\/index.php?rest_route=\/wp\/v2\/pages"}],"about":[{"href":"https:\/\/grundschule-gieboldehausen.de\/index.php?rest_route=\/wp\/v2\/types\/page"}],"author":[{"embeddable":true,"href":"https:\/\/grundschule-gieboldehausen.de\/index.php?rest_route=\/wp\/v2\/users\/1"}],"replies":[{"embeddable":true,"href":"https:\/\/grundschule-gieboldehausen.de\/index.php?rest_route=%2Fwp%2Fv2%2Fcomments&post=135"}],"version-history":[{"count":34,"href":"https:\/\/grundschule-gieboldehausen.de\/index.php?rest_route=\/wp\/v2\/pages\/135\/revisions"}],"predecessor-version":[{"id":1083,"href":"https:\/\/grundschule-gieboldehausen.de\/index.php?rest_route=\/wp\/v2\/pages\/135\/revisions\/1083"}],"wp:attachment":[{"href":"https:\/\/grundschule-gieboldehausen.de\/index.php?rest_route=%2Fwp%2Fv2%2Fmedia&parent=135"}],"curies":[{"name":"wp","href":"https:\/\/api.w.org\/{rel}","templated":true}]}}