{"id":128,"date":"2019-06-07T06:04:50","date_gmt":"2019-06-07T06:04:50","guid":{"rendered":"http:\/\/grundschule-gieboldehausen.de\/?page_id=128"},"modified":"2024-03-01T15:00:14","modified_gmt":"2024-03-01T15:00:14","slug":"foerderverein","status":"publish","type":"page","link":"https:\/\/grundschule-gieboldehausen.de\/?page_id=128","title":{"rendered":"F\u00f6rderverein"},"content":{"rendered":"\n<h2 class=\"wp-block-heading\">F\u00f6rderverein der Grundschule Gieboldehausen<\/h2>\n\n\n\n<p><a href=\"https:\/\/grundschule-gieboldehausen.de\/?page_id=135\">Nachmittagsbetreuung<\/a>   |    <a href=\"https:\/\/grundschule-gieboldehausen.de\/?page_id=202\">Projekte<\/a>    |    <a href=\"https:\/\/grundschule-gieboldehausen.de\/?page_id=446\">Galerie<\/a>    |     <a href=\"https:\/\/grundschule-gieboldehausen.de\/?page_id=183\">Download<\/a>   |   <a href=\"https:\/\/grundschule-gieboldehausen.de\/?page_id=156\">Mitgliederversammlungen<\/a><\/p>\n\n\n\n<p>Im Jahr 2007 ist der F\u00f6rderverein der Grundschule Gieboldehausen von einer Elterninitiative ins Leben gerufen worden. Seitdem verfolgt er die ideelle und finanzielle Unterst\u00fctzung der Grundschule. Mit Hilfe von Spenden und Mitgliedsbeitr\u00e4gen werden und wurden viele Projekte erm\u00f6glicht \u00fcber welche wir hier berichten. <\/p>\n\n\n\n<p><strong>Das derzeitige Vorstandsteam besteht aus :<\/strong><\/p>\n\n\n\n<p class=\"has-text-align-center\">Julia Heine (1. Vorsitzende)<\/p>\n\n\n\n<p class=\"has-text-align-center\">Annina Otto (2. Vorsitzende)<\/p>\n\n\n\n<p class=\"has-text-align-center\">Katharina Keufner (Schriftf\u00fchrerin)<\/p>\n\n\n\n<p class=\"has-text-align-center\">Ella Ripping (Kassenw\u00e4rtin)<\/p>\n\n\n\n<h4 class=\"wp-block-heading\"><strong>Unter folgenden Angaben sind wir zu erreichen: <\/strong><\/h4>\n\n\n\n<p class=\"has-text-align-center\">email: foerderverein.gs.gieboldehausen [at]gmail.com<\/p>\n\n\n\n<p class=\"has-text-align-center\">mobil: 0151 &#8211; 68140688<\/p>\n\n\n\n<p class=\"has-text-align-center\">Freunde und F\u00f6rderer der Grundschule Gieboldehausen<\/p>\n\n\n\n<p class=\"has-text-align-center\">Schulstr. 24, 37434 Gieboldehausen<\/p>\n\n\n\n<figure class=\"wp-block-image size-large is-style-default\"><img loading=\"lazy\" decoding=\"async\" width=\"700\" height=\"336\" src=\"https:\/\/grundschule-gieboldehausen.de\/wp-content\/uploads\/2022\/12\/Foerderverein_GSG-1-700x336.png\" alt=\"\" class=\"wp-image-1072\" srcset=\"https:\/\/grundschule-gieboldehausen.de\/wp-content\/uploads\/2022\/12\/Foerderverein_GSG-1-700x336.png 700w, https:\/\/grundschule-gieboldehausen.de\/wp-content\/uploads\/2022\/12\/Foerderverein_GSG-1-300x144.png 300w, https:\/\/grundschule-gieboldehausen.de\/wp-content\/uploads\/2022\/12\/Foerderverein_GSG-1-768x369.png 768w, https:\/\/grundschule-gieboldehausen.de\/wp-content\/uploads\/2022\/12\/Foerderverein_GSG-1-1536x737.png 1536w, https:\/\/grundschule-gieboldehausen.de\/wp-content\/uploads\/2022\/12\/Foerderverein_GSG-1-800x384.png 800w, https:\/\/grundschule-gieboldehausen.de\/wp-content\/uploads\/2022\/12\/Foerderverein_GSG-1.png 1731w\" sizes=\"auto, (max-width: 700px) 100vw, 700px\" \/><figcaption class=\"wp-element-caption\">F\u00f6rder(n)verein(t)<\/figcaption><\/figure>\n","protected":false},"excerpt":{"rendered":"<p>F\u00f6rderverein der Grundschule Gieboldehausen Nachmittagsbetreuung | Projekte | Galerie | Download | Mitgliederversammlungen Im Jahr 2007 ist der F\u00f6rderverein der Grundschule Gieboldehausen von einer Elterninitiative ins Leben gerufen worden. Seitdem verfolgt er die ideelle und finanzielle Unterst\u00fctzung der Grundschule. Mit Hilfe von Spenden und Mitgliedsbeitr\u00e4gen werden und wurden viele Projekte erm\u00f6glicht \u00fcber welche wir hier&#8230;<\/p>\n","protected":false},"author":1,"featured_media":0,"parent":0,"menu_order":5,"comment_status":"closed","ping_status":"closed","template":"fullwidth.php","meta":{"_exactmetrics_skip_tracking":false,"_exactmetrics_sitenote_active":false,"_exactmetrics_sitenote_note":"","_exactmetrics_sitenote_category":0,"ngg_post_thumbnail":0,"footnotes":""},"class_list":["post-128","page","type-page","status-publish","hentry"],"aioseo_notices":[],"jetpack_sharing_enabled":true,"_links":{"self":[{"href":"https:\/\/grundschule-gieboldehausen.de\/index.php?rest_route=\/wp\/v2\/pages\/128","targetHints":{"allow":["GET"]}}],"collection":[{"href":"https:\/\/grundschule-gieboldehausen.de\/index.php?rest_route=\/wp\/v2\/pages"}],"about":[{"href":"https:\/\/grundschule-gieboldehausen.de\/index.php?rest_route=\/wp\/v2\/types\/page"}],"author":[{"embeddable":true,"href":"https:\/\/grundschule-gieboldehausen.de\/index.php?rest_route=\/wp\/v2\/users\/1"}],"replies":[{"embeddable":true,"href":"https:\/\/grundschule-gieboldehausen.de\/index.php?rest_route=%2Fwp%2Fv2%2Fcomments&post=128"}],"version-history":[{"count":25,"href":"https:\/\/grundschule-gieboldehausen.de\/index.php?rest_route=\/wp\/v2\/pages\/128\/revisions"}],"predecessor-version":[{"id":1137,"href":"https:\/\/grundschule-gieboldehausen.de\/index.php?rest_route=\/wp\/v2\/pages\/128\/revisions\/1137"}],"wp:attachment":[{"href":"https:\/\/grundschule-gieboldehausen.de\/index.php?rest_route=%2Fwp%2Fv2%2Fmedia&parent=128"}],"curies":[{"name":"wp","href":"https:\/\/api.w.org\/{rel}","templated":true}]}}